{"id":4345,"date":"2021-08-17T16:14:06","date_gmt":"2021-08-17T13:14:06","guid":{"rendered":"https:\/\/diasoft.com\/?page_id=4345"},"modified":"2025-01-23T10:57:59","modified_gmt":"2025-01-23T07:57:59","slug":"mobile","status":"publish","type":"page","link":"https:\/\/dq-solutions.com\/vi\/mobile\/","title":{"rendered":"Ng\u00e2n h\u00e0ng di \u0111\u1ed9ng"},"content":{"rendered":"","protected":false},"excerpt":{"rendered":"","protected":false},"author":7,"featured_media":0,"parent":0,"menu_order":0,"comment_status":"closed","ping_status":"closed","template":"page-diasoft_mobile.php","meta":{"_acf_changed":false,"footnotes":""},"class_list":["post-4345","page","type-page","status-publish","hentry"],"acf":[],"aioseo_notices":[],"_links":{"self":[{"href":"https:\/\/dq-solutions.com\/vi\/wp-json\/wp\/v2\/pages\/4345","targetHints":{"allow":["GET"]}}],"collection":[{"href":"https:\/\/dq-solutions.com\/vi\/wp-json\/wp\/v2\/pages"}],"about":[{"href":"https:\/\/dq-solutions.com\/vi\/wp-json\/wp\/v2\/types\/page"}],"author":[{"embeddable":true,"href":"https:\/\/dq-solutions.com\/vi\/wp-json\/wp\/v2\/users\/7"}],"replies":[{"embeddable":true,"href":"https:\/\/dq-solutions.com\/vi\/wp-json\/wp\/v2\/comments?post=4345"}],"version-history":[{"count":7,"href":"https:\/\/dq-solutions.com\/vi\/wp-json\/wp\/v2\/pages\/4345\/revisions"}],"predecessor-version":[{"id":10205,"href":"https:\/\/dq-solutions.com\/vi\/wp-json\/wp\/v2\/pages\/4345\/revisions\/10205"}],"wp:attachment":[{"href":"https:\/\/dq-solutions.com\/vi\/wp-json\/wp\/v2\/media?parent=4345"}],"curies":[{"name":"wp","href":"https:\/\/api.w.org\/{rel}","templated":true}]}}